{"id":162,"date":"2022-02-28T02:39:34","date_gmt":"2022-02-28T02:39:34","guid":{"rendered":"https:\/\/onze.com.co\/?page_id=162"},"modified":"2022-03-01T22:51:08","modified_gmt":"2022-03-01T22:51:08","slug":"consultoria-en-transformacion-digital","status":"publish","type":"page","link":"https:\/\/onze.com.co\/index.php\/consultoria-en-transformacion-digital\/","title":{"rendered":"Consultor\u00eda en transformaci\u00f3n Digital"},"content":{"rendered":"\t\t<div data-elementor-type=\"wp-page\" data-elementor-id=\"162\" class=\"elementor elementor-162\">\n\t\t\t\t\t\t\t\t\t<section class=\"elementor-section elementor-top-section elementor-element elementor-element-d0d446f elementor-section-stretched elementor-section-boxed elementor-section-height-default elementor-section-height-default\" data-id=\"d0d446f\" data-element_type=\"section\" data-settings=\"{&quot;stretch_section&quot;:&quot;section-stretched&quot;}\">\n\t\t\t\t\t\t<div class=\"elementor-container elementor-column-gap-default\">\n\t\t\t\t\t<div class=\"elementor-column elementor-col-50 elementor-top-column elementor-element elementor-element-32e6aaa\" data-id=\"32e6aaa\" data-element_type=\"column\">\n\t\t\t<div class=\"elementor-widget-wrap elementor-element-populated\">\n\t\t\t\t\t\t\t\t<div class=\"elementor-element elementor-element-24a0d12 elementor-widget elementor-widget-heading\" data-id=\"24a0d12\" data-element_type=\"widget\" data-widget_type=\"heading.default\">\n\t\t\t\t<div class=\"elementor-widget-container\">\n\t\t\t<style>\/*! elementor - v3.6.2 - 04-04-2022 *\/\n.elementor-heading-title{padding:0;margin:0;line-height:1}.elementor-widget-heading .elementor-heading-title[class*=elementor-size-]>a{color:inherit;font-size:inherit;line-height:inherit}.elementor-widget-heading .elementor-heading-title.elementor-size-small{font-size:15px}.elementor-widget-heading .elementor-heading-title.elementor-size-medium{font-size:19px}.elementor-widget-heading .elementor-heading-title.elementor-size-large{font-size:29px}.elementor-widget-heading .elementor-heading-title.elementor-size-xl{font-size:39px}.elementor-widget-heading .elementor-heading-title.elementor-size-xxl{font-size:59px}<\/style><h2 class=\"elementor-heading-title elementor-size-default\">Consultor\u00eda en transformaci\u00f3n digital<\/h2>\t\t<\/div>\n\t\t\t\t<\/div>\n\t\t\t\t<div class=\"elementor-element elementor-element-c21220d elementor-widget elementor-widget-text-editor\" data-id=\"c21220d\" data-element_type=\"widget\" data-widget_type=\"text-editor.default\">\n\t\t\t\t<div class=\"elementor-widget-container\">\n\t\t\t<style>\/*! elementor - v3.6.2 - 04-04-2022 *\/\n.elementor-widget-text-editor.elementor-drop-cap-view-stacked .elementor-drop-cap{background-color:#818a91;color:#fff}.elementor-widget-text-editor.elementor-drop-cap-view-framed .elementor-drop-cap{color:#818a91;border:3px solid;background-color:transparent}.elementor-widget-text-editor:not(.elementor-drop-cap-view-default) .elementor-drop-cap{margin-top:8px}.elementor-widget-text-editor:not(.elementor-drop-cap-view-default) .elementor-drop-cap-letter{width:1em;height:1em}.elementor-widget-text-editor .elementor-drop-cap{float:left;text-align:center;line-height:1;font-size:50px}.elementor-widget-text-editor .elementor-drop-cap-letter{display:inline-block}<\/style>\t\t\t\t<p>El impacto de las tecnolog\u00edas habilitadoras de la transformaci\u00f3n digital de las empresas no ha hecho m\u00e1s que comenzar y dar\u00e1 lugar a un antes y un despu\u00e9s. La transformaci\u00f3n digital en todas las empresas se dar\u00e1 en todos los sectores y supondr\u00e1 una aportaci\u00f3n importante al crecimiento de estas. Blockchain, Cloud Computing, Inteligencia Artificial, Internet de las cosas y Ciberseguridad est\u00e1n disponibles para generar cambios realmente disruptivos que les permitan a las organizaciones competir en un mercado digital.<\/p><p>Obviamente las empresas que ya nacen \u201cnativas digitales\u201d no se tienen que transformar. Las que necesitan transformarse son las empresas tradicionales de servicios e industriales, de todos los sectores, porque es un requisito fundamental para sobrevivir. Preg\u00fantanos c\u00f3mo hacerlo y te asesoramos con nuestra <em>consultor\u00eda de transformaci\u00f3n digital<\/em><\/p>\t\t\t\t\t\t<\/div>\n\t\t\t\t<\/div>\n\t\t\t\t\t<\/div>\n\t\t<\/div>\n\t\t\t\t<div class=\"elementor-column elementor-col-50 elementor-top-column elementor-element elementor-element-a73b6c8\" data-id=\"a73b6c8\" data-element_type=\"column\">\n\t\t\t<div class=\"elementor-widget-wrap elementor-element-populated\">\n\t\t\t\t\t\t\t\t<div class=\"elementor-element elementor-element-625d14c elementor-widget elementor-widget-image\" data-id=\"625d14c\" data-element_type=\"widget\" data-widget_type=\"image.default\">\n\t\t\t\t<div class=\"elementor-widget-container\">\n\t\t\t<style>\/*! elementor - v3.6.2 - 04-04-2022 *\/\n.elementor-widget-image{text-align:center}.elementor-widget-image a{display:inline-block}.elementor-widget-image a img[src$=\".svg\"]{width:48px}.elementor-widget-image img{vertical-align:middle;display:inline-block}<\/style>\t\t\t\t\t\t\t\t\t\t\t\t<img width=\"640\" height=\"456\" src=\"https:\/\/onze.com.co\/wp-content\/uploads\/2022\/02\/businessman-pointing-graphs-and-symbols-1024x730.jpg\" class=\"attachment-large size-large\" alt=\"\" loading=\"lazy\" srcset=\"https:\/\/onze.com.co\/wp-content\/uploads\/2022\/02\/businessman-pointing-graphs-and-symbols-1024x730.jpg 1024w, https:\/\/onze.com.co\/wp-content\/uploads\/2022\/02\/businessman-pointing-graphs-and-symbols-300x214.jpg 300w, https:\/\/onze.com.co\/wp-content\/uploads\/2022\/02\/businessman-pointing-graphs-and-symbols-768x547.jpg 768w, https:\/\/onze.com.co\/wp-content\/uploads\/2022\/02\/businessman-pointing-graphs-and-symbols-1536x1095.jpg 1536w, https:\/\/onze.com.co\/wp-content\/uploads\/2022\/02\/businessman-pointing-graphs-and-symbols-2048x1460.jpg 2048w\" sizes=\"(max-width: 640px) 100vw, 640px\" \/>\t\t\t\t\t\t\t\t\t\t\t\t\t\t\t<\/div>\n\t\t\t\t<\/div>\n\t\t\t\t\t<\/div>\n\t\t<\/div>\n\t\t\t\t\t\t\t<\/div>\n\t\t<\/section>\n\t\t\t\t\t\t\t<\/div>\n\t\t","protected":false},"excerpt":{"rendered":"<p>Consultor\u00eda en transformaci\u00f3n digital El impacto de las tecnolog\u00edas habilitadoras de la transformaci\u00f3n digital de las empresas no ha hecho m\u00e1s que comenzar y dar\u00e1 lugar a un antes y un despu\u00e9s. La transformaci\u00f3n digital en todas las empresas se dar\u00e1 en todos los sectores y supondr\u00e1 una aportaci\u00f3n importante al crecimiento de estas. Blockchain, [&hellip;]<\/p>\n","protected":false},"author":1,"featured_media":0,"parent":0,"menu_order":0,"comment_status":"closed","ping_status":"closed","template":"","meta":{"om_disable_all_campaigns":false,"_mi_skip_tracking":false},"_links":{"self":[{"href":"https:\/\/onze.com.co\/index.php\/wp-json\/wp\/v2\/pages\/162"}],"collection":[{"href":"https:\/\/onze.com.co\/index.php\/wp-json\/wp\/v2\/pages"}],"about":[{"href":"https:\/\/onze.com.co\/index.php\/wp-json\/wp\/v2\/types\/page"}],"author":[{"embeddable":true,"href":"https:\/\/onze.com.co\/index.php\/wp-json\/wp\/v2\/users\/1"}],"replies":[{"embeddable":true,"href":"https:\/\/onze.com.co\/index.php\/wp-json\/wp\/v2\/comments?post=162"}],"version-history":[{"count":4,"href":"https:\/\/onze.com.co\/index.php\/wp-json\/wp\/v2\/pages\/162\/revisions"}],"predecessor-version":[{"id":211,"href":"https:\/\/onze.com.co\/index.php\/wp-json\/wp\/v2\/pages\/162\/revisions\/211"}],"wp:attachment":[{"href":"https:\/\/onze.com.co\/index.php\/wp-json\/wp\/v2\/media?parent=162"}],"curies":[{"name":"wp","href":"https:\/\/api.w.org\/{rel}","templated":true}]}}