{"id":170,"date":"2022-02-28T02:42:50","date_gmt":"2022-02-28T02:42:50","guid":{"rendered":"https:\/\/onze.com.co\/?page_id=170"},"modified":"2022-03-01T23:02:12","modified_gmt":"2022-03-01T23:02:12","slug":"staffing-de-ti","status":"publish","type":"page","link":"https:\/\/onze.com.co\/index.php\/staffing-de-ti\/","title":{"rendered":"Staffing de TI"},"content":{"rendered":"\t\t<div data-elementor-type=\"wp-page\" data-elementor-id=\"170\" class=\"elementor elementor-170\">\n\t\t\t\t\t\t\t\t\t<section class=\"elementor-section elementor-top-section elementor-element elementor-element-d44cc53 elementor-section-stretched elementor-section-boxed elementor-section-height-default elementor-section-height-default\" data-id=\"d44cc53\" data-element_type=\"section\" data-settings=\"{&quot;stretch_section&quot;:&quot;section-stretched&quot;}\">\n\t\t\t\t\t\t<div class=\"elementor-container elementor-column-gap-default\">\n\t\t\t\t\t<div class=\"elementor-column elementor-col-50 elementor-top-column elementor-element elementor-element-77934a3\" data-id=\"77934a3\" data-element_type=\"column\">\n\t\t\t<div class=\"elementor-widget-wrap elementor-element-populated\">\n\t\t\t\t\t\t\t\t<div class=\"elementor-element elementor-element-2e924e3 elementor-widget elementor-widget-heading\" data-id=\"2e924e3\" data-element_type=\"widget\" data-widget_type=\"heading.default\">\n\t\t\t\t<div class=\"elementor-widget-container\">\n\t\t\t<style>\/*! elementor - v3.6.2 - 04-04-2022 *\/\n.elementor-heading-title{padding:0;margin:0;line-height:1}.elementor-widget-heading .elementor-heading-title[class*=elementor-size-]>a{color:inherit;font-size:inherit;line-height:inherit}.elementor-widget-heading .elementor-heading-title.elementor-size-small{font-size:15px}.elementor-widget-heading .elementor-heading-title.elementor-size-medium{font-size:19px}.elementor-widget-heading .elementor-heading-title.elementor-size-large{font-size:29px}.elementor-widget-heading .elementor-heading-title.elementor-size-xl{font-size:39px}.elementor-widget-heading .elementor-heading-title.elementor-size-xxl{font-size:59px}<\/style><h2 class=\"elementor-heading-title elementor-size-default\">Staffing de TI<\/h2>\t\t<\/div>\n\t\t\t\t<\/div>\n\t\t\t\t<div class=\"elementor-element elementor-element-2fc6c49 elementor-widget elementor-widget-text-editor\" data-id=\"2fc6c49\" data-element_type=\"widget\" data-widget_type=\"text-editor.default\">\n\t\t\t\t<div class=\"elementor-widget-container\">\n\t\t\t<style>\/*! elementor - v3.6.2 - 04-04-2022 *\/\n.elementor-widget-text-editor.elementor-drop-cap-view-stacked .elementor-drop-cap{background-color:#818a91;color:#fff}.elementor-widget-text-editor.elementor-drop-cap-view-framed .elementor-drop-cap{color:#818a91;border:3px solid;background-color:transparent}.elementor-widget-text-editor:not(.elementor-drop-cap-view-default) .elementor-drop-cap{margin-top:8px}.elementor-widget-text-editor:not(.elementor-drop-cap-view-default) .elementor-drop-cap-letter{width:1em;height:1em}.elementor-widget-text-editor .elementor-drop-cap{float:left;text-align:center;line-height:1;font-size:50px}.elementor-widget-text-editor .elementor-drop-cap-letter{display:inline-block}<\/style>\t\t\t\t<p>En un mundo competitivo y globalizado el Staffing de TI ha sido pieza fundamental para el cumplimiento de los objetivos estrat\u00e9gicos de las organizaciones. A trav\u00e9s de este modelo de reclutamiento especializado TI ofrecemos subcontrataci\u00f3n TI y habilitamos para nuestros clientes el acceso a especialistas de alto nivel para la ejecuci\u00f3n de tareas espec\u00edficas en TI con los perfiles digitales requeridos para responder muy r\u00e1pido a sus necesidades en la operaci\u00f3n TI y en los proyectos TI, permitiendo niveles de competitividad id\u00f3neos para afrontar los desaf\u00edos de su sector.<\/p><p>\u00a0<\/p><p>Nuestro conocimiento del mercado y de las nuevas competencias digitales, as\u00ed como el cumplimiento en todas las regulaciones laborales, legales y fiscales nos permite una correcta gesti\u00f3n de todo el proceso de contrataci\u00f3n externa de las personas adecuadas, garantizando un proceso de Staffing TI 100% auditable y con las mejores condiciones para entregar un servicio enfocado y de alto desempe\u00f1o.<\/p>\t\t\t\t\t\t<\/div>\n\t\t\t\t<\/div>\n\t\t\t\t\t<\/div>\n\t\t<\/div>\n\t\t\t\t<div class=\"elementor-column elementor-col-50 elementor-top-column elementor-element elementor-element-14fccd6\" data-id=\"14fccd6\" data-element_type=\"column\">\n\t\t\t<div class=\"elementor-widget-wrap elementor-element-populated\">\n\t\t\t\t\t\t\t\t<div class=\"elementor-element elementor-element-7164d27 elementor-widget elementor-widget-image\" data-id=\"7164d27\" data-element_type=\"widget\" data-widget_type=\"image.default\">\n\t\t\t\t<div class=\"elementor-widget-container\">\n\t\t\t<style>\/*! elementor - v3.6.2 - 04-04-2022 *\/\n.elementor-widget-image{text-align:center}.elementor-widget-image a{display:inline-block}.elementor-widget-image a img[src$=\".svg\"]{width:48px}.elementor-widget-image img{vertical-align:middle;display:inline-block}<\/style>\t\t\t\t\t\t\t\t\t\t\t\t<img width=\"640\" height=\"368\" src=\"https:\/\/onze.com.co\/wp-content\/uploads\/2022\/02\/digital-blue-hud-interface-laptop-concept-1024x589.jpg\" class=\"attachment-large size-large\" alt=\"\" loading=\"lazy\" srcset=\"https:\/\/onze.com.co\/wp-content\/uploads\/2022\/02\/digital-blue-hud-interface-laptop-concept-1024x589.jpg 1024w, https:\/\/onze.com.co\/wp-content\/uploads\/2022\/02\/digital-blue-hud-interface-laptop-concept-300x172.jpg 300w, https:\/\/onze.com.co\/wp-content\/uploads\/2022\/02\/digital-blue-hud-interface-laptop-concept-768x441.jpg 768w, https:\/\/onze.com.co\/wp-content\/uploads\/2022\/02\/digital-blue-hud-interface-laptop-concept-1536x883.jpg 1536w, https:\/\/onze.com.co\/wp-content\/uploads\/2022\/02\/digital-blue-hud-interface-laptop-concept-2048x1177.jpg 2048w\" sizes=\"(max-width: 640px) 100vw, 640px\" \/>\t\t\t\t\t\t\t\t\t\t\t\t\t\t\t<\/div>\n\t\t\t\t<\/div>\n\t\t\t\t\t<\/div>\n\t\t<\/div>\n\t\t\t\t\t\t\t<\/div>\n\t\t<\/section>\n\t\t\t\t\t\t\t<\/div>\n\t\t","protected":false},"excerpt":{"rendered":"<p>Staffing de TI En un mundo competitivo y globalizado el Staffing de TI ha sido pieza fundamental para el cumplimiento de los objetivos estrat\u00e9gicos de las organizaciones. A trav\u00e9s de este modelo de reclutamiento especializado TI ofrecemos subcontrataci\u00f3n TI y habilitamos para nuestros clientes el acceso a especialistas de alto nivel para la ejecuci\u00f3n de [&hellip;]<\/p>\n","protected":false},"author":1,"featured_media":0,"parent":0,"menu_order":0,"comment_status":"closed","ping_status":"closed","template":"","meta":{"om_disable_all_campaigns":false,"_mi_skip_tracking":false},"_links":{"self":[{"href":"https:\/\/onze.com.co\/index.php\/wp-json\/wp\/v2\/pages\/170"}],"collection":[{"href":"https:\/\/onze.com.co\/index.php\/wp-json\/wp\/v2\/pages"}],"about":[{"href":"https:\/\/onze.com.co\/index.php\/wp-json\/wp\/v2\/types\/page"}],"author":[{"embeddable":true,"href":"https:\/\/onze.com.co\/index.php\/wp-json\/wp\/v2\/users\/1"}],"replies":[{"embeddable":true,"href":"https:\/\/onze.com.co\/index.php\/wp-json\/wp\/v2\/comments?post=170"}],"version-history":[{"count":4,"href":"https:\/\/onze.com.co\/index.php\/wp-json\/wp\/v2\/pages\/170\/revisions"}],"predecessor-version":[{"id":223,"href":"https:\/\/onze.com.co\/index.php\/wp-json\/wp\/v2\/pages\/170\/revisions\/223"}],"wp:attachment":[{"href":"https:\/\/onze.com.co\/index.php\/wp-json\/wp\/v2\/media?parent=170"}],"curies":[{"name":"wp","href":"https:\/\/api.w.org\/{rel}","templated":true}]}}