{"id":25,"date":"2022-02-01T01:55:42","date_gmt":"2022-02-01T01:55:42","guid":{"rendered":"https:\/\/onze.com.co\/?page_id=25"},"modified":"2022-02-25T13:13:10","modified_gmt":"2022-02-25T13:13:10","slug":"servicios","status":"publish","type":"page","link":"https:\/\/onze.com.co\/index.php\/servicios\/","title":{"rendered":"Servicios"},"content":{"rendered":"\t\t<div data-elementor-type=\"wp-page\" data-elementor-id=\"25\" class=\"elementor elementor-25\">\n\t\t\t\t\t\t\t\t\t<section class=\"elementor-section elementor-top-section elementor-element elementor-element-ec6e544 elementor-section-stretched elementor-section-boxed elementor-section-height-default elementor-section-height-default\" data-id=\"ec6e544\" data-element_type=\"section\" data-settings=\"{&quot;stretch_section&quot;:&quot;section-stretched&quot;}\">\n\t\t\t\t\t\t<div class=\"elementor-container elementor-column-gap-default\">\n\t\t\t\t\t<div class=\"elementor-column elementor-col-50 elementor-top-column elementor-element elementor-element-3fbc946\" data-id=\"3fbc946\" data-element_type=\"column\">\n\t\t\t<div class=\"elementor-widget-wrap elementor-element-populated\">\n\t\t\t\t\t\t\t\t<div class=\"elementor-element elementor-element-2068b55 elementor-widget elementor-widget-text-editor\" data-id=\"2068b55\" data-element_type=\"widget\" data-widget_type=\"text-editor.default\">\n\t\t\t\t<div class=\"elementor-widget-container\">\n\t\t\t<style>\/*! elementor - v3.6.2 - 04-04-2022 *\/\n.elementor-widget-text-editor.elementor-drop-cap-view-stacked .elementor-drop-cap{background-color:#818a91;color:#fff}.elementor-widget-text-editor.elementor-drop-cap-view-framed .elementor-drop-cap{color:#818a91;border:3px solid;background-color:transparent}.elementor-widget-text-editor:not(.elementor-drop-cap-view-default) .elementor-drop-cap{margin-top:8px}.elementor-widget-text-editor:not(.elementor-drop-cap-view-default) .elementor-drop-cap-letter{width:1em;height:1em}.elementor-widget-text-editor .elementor-drop-cap{float:left;text-align:center;line-height:1;font-size:50px}.elementor-widget-text-editor .elementor-drop-cap-letter{display:inline-block}<\/style>\t\t\t\t<p><strong>Consultor\u00edas en transformaci\u00f3n digital<\/strong><strong> y gesti\u00f3n del cambio<\/strong><\/p><p><strong>\u00a0<\/strong><\/p><p><strong>Consultor\u00eda en transformaci\u00f3n digital<\/strong><\/p><p>El impacto de las tecnolog\u00edas habilitadoras de la transformaci\u00f3n digital de las empresas no ha hecho m\u00e1s que comenzar y dar\u00e1 lugar a un antes y un despu\u00e9s. La transformaci\u00f3n digital en todas las empresas se dar\u00e1 en todos los sectores y supondr\u00e1 una aportaci\u00f3n importante al crecimiento de estas. Blockchain, Cloud Computing, Inteligencia Artificial, Internet de las cosas y Ciberseguridad est\u00e1n disponibles para generar cambios realmente disruptivos que les permitan a las organizaciones competir en un mercado digital.<\/p><p>\u00a0<\/p><p>Obviamente las empresas que ya nacen \u201cnativas digitales\u201d no se tienen que transformar. Las que necesitan transformarse son las empresas tradicionales de servicios e industriales, de todos los sectores, porque es un requisito fundamental para sobrevivir. Preg\u00fantanos c\u00f3mo hacerlo y te asesoramos con nuestra <em>consultor\u00eda de transformaci\u00f3n digital.<\/em><\/p>\t\t\t\t\t\t<\/div>\n\t\t\t\t<\/div>\n\t\t\t\t\t<\/div>\n\t\t<\/div>\n\t\t\t\t<div class=\"elementor-column elementor-col-50 elementor-top-column elementor-element elementor-element-c1f00f2\" data-id=\"c1f00f2\" data-element_type=\"column\">\n\t\t\t<div class=\"elementor-widget-wrap elementor-element-populated\">\n\t\t\t\t\t\t\t\t<div class=\"elementor-element elementor-element-0fb2793 elementor-widget elementor-widget-shortcode\" data-id=\"0fb2793\" data-element_type=\"widget\" data-widget_type=\"shortcode.default\">\n\t\t\t\t<div class=\"elementor-widget-container\">\n\t\t\t\t\t<div class=\"elementor-shortcode\"><\/div>\n\t\t\t\t<\/div>\n\t\t\t\t<\/div>\n\t\t\t\t\t<\/div>\n\t\t<\/div>\n\t\t\t\t\t\t\t<\/div>\n\t\t<\/section>\n\t\t\t\t<section class=\"elementor-section elementor-top-section elementor-element elementor-element-f652972 elementor-section-stretched elementor-section-boxed elementor-section-height-default elementor-section-height-default\" data-id=\"f652972\" data-element_type=\"section\" data-settings=\"{&quot;stretch_section&quot;:&quot;section-stretched&quot;}\">\n\t\t\t\t\t\t<div class=\"elementor-container elementor-column-gap-default\">\n\t\t\t\t\t<div class=\"elementor-column elementor-col-50 elementor-top-column elementor-element elementor-element-ba0aa1b\" data-id=\"ba0aa1b\" data-element_type=\"column\">\n\t\t\t<div class=\"elementor-widget-wrap elementor-element-populated\">\n\t\t\t\t\t\t\t\t<div class=\"elementor-element elementor-element-0b475b3 elementor-widget elementor-widget-image\" data-id=\"0b475b3\" data-element_type=\"widget\" data-widget_type=\"image.default\">\n\t\t\t\t<div class=\"elementor-widget-container\">\n\t\t\t<style>\/*! elementor - v3.6.2 - 04-04-2022 *\/\n.elementor-widget-image{text-align:center}.elementor-widget-image a{display:inline-block}.elementor-widget-image a img[src$=\".svg\"]{width:48px}.elementor-widget-image img{vertical-align:middle;display:inline-block}<\/style>\t\t\t\t\t\t\t\t\t\t\t\t<img width=\"640\" height=\"439\" src=\"https:\/\/onze.com.co\/wp-content\/uploads\/2022\/02\/contemporary-exterior-design-concept-1024x703.jpg\" class=\"attachment-large size-large\" alt=\"\" loading=\"lazy\" srcset=\"https:\/\/onze.com.co\/wp-content\/uploads\/2022\/02\/contemporary-exterior-design-concept-1024x703.jpg 1024w, https:\/\/onze.com.co\/wp-content\/uploads\/2022\/02\/contemporary-exterior-design-concept-300x206.jpg 300w, https:\/\/onze.com.co\/wp-content\/uploads\/2022\/02\/contemporary-exterior-design-concept-768x527.jpg 768w, https:\/\/onze.com.co\/wp-content\/uploads\/2022\/02\/contemporary-exterior-design-concept-1536x1055.jpg 1536w, https:\/\/onze.com.co\/wp-content\/uploads\/2022\/02\/contemporary-exterior-design-concept-2048x1406.jpg 2048w\" sizes=\"(max-width: 640px) 100vw, 640px\" \/>\t\t\t\t\t\t\t\t\t\t\t\t\t\t\t<\/div>\n\t\t\t\t<\/div>\n\t\t\t\t\t<\/div>\n\t\t<\/div>\n\t\t\t\t<div class=\"elementor-column elementor-col-50 elementor-top-column elementor-element elementor-element-194890a\" data-id=\"194890a\" data-element_type=\"column\">\n\t\t\t<div class=\"elementor-widget-wrap elementor-element-populated\">\n\t\t\t\t\t\t\t\t<div class=\"elementor-element elementor-element-9d3f147 elementor-widget elementor-widget-text-editor\" data-id=\"9d3f147\" data-element_type=\"widget\" data-widget_type=\"text-editor.default\">\n\t\t\t\t<div class=\"elementor-widget-container\">\n\t\t\t\t\t\t\t<p><strong>Consultor\u00eda en gesti\u00f3n del cambio<\/strong><\/p>\n<p>Buscamos facilitar y conseguir la implementaci\u00f3n exitosa de la estrategia digital, lo que implica trabajar con y para las personas en la aceptaci\u00f3n y asimilaci\u00f3n de los cambios y en la reducci\u00f3n de la resistencia; facilitando el proceso de cambio, producto de una nueva forma de operaci\u00f3n.<\/p>\n<p><strong>Nuestra oferta de valor para la gesti\u00f3n del cambio organizacional incluye<\/strong><\/p>\n<p>Acompa\u00f1ar en la definici\u00f3n de la \u201cVisi\u00f3n del cambio\u201d y el \u201cCaso del Cambio\u201d, elementos fundamentales en la Gesti\u00f3n del Cambio.<\/p>\n<p>Acompa\u00f1amiento en la definici\u00f3n de los impactos del cambio en la realidad (d\u00eda a d\u00eda) de las personas.<\/p>\n<p>Definir una clara estrategia de comunicaci\u00f3n que facilite la adaptaci\u00f3n y asimilaci\u00f3n del cambio.<\/p>\n<p>Emprender un proceso de cambio escalable que facilite consolidar un cambio en la cultura de la organizaci\u00f3n.<\/p>\n<p>Facilitar en la organizaci\u00f3n la adopci\u00f3n y entendimiento de conceptos relacionados con el cambio.<\/p>\n<p>Asesorar a la organizaci\u00f3n en la consecuci\u00f3n de la disminuci\u00f3n de la resistencia al cambio.<\/p>\t\t\t\t\t\t<\/div>\n\t\t\t\t<\/div>\n\t\t\t\t\t<\/div>\n\t\t<\/div>\n\t\t\t\t\t\t\t<\/div>\n\t\t<\/section>\n\t\t\t\t<section class=\"elementor-section elementor-top-section elementor-element elementor-element-e9060f9 elementor-section-stretched elementor-section-boxed elementor-section-height-default elementor-section-height-default\" data-id=\"e9060f9\" data-element_type=\"section\" data-settings=\"{&quot;stretch_section&quot;:&quot;section-stretched&quot;}\">\n\t\t\t\t\t\t<div class=\"elementor-container elementor-column-gap-default\">\n\t\t\t\t\t<div class=\"elementor-column elementor-col-100 elementor-top-column elementor-element elementor-element-1fc5cf5\" data-id=\"1fc5cf5\" data-element_type=\"column\">\n\t\t\t<div class=\"elementor-widget-wrap elementor-element-populated\">\n\t\t\t\t\t\t\t\t<div class=\"elementor-element elementor-element-ad00121 elementor-widget elementor-widget-text-editor\" data-id=\"ad00121\" data-element_type=\"widget\" data-widget_type=\"text-editor.default\">\n\t\t\t\t<div class=\"elementor-widget-container\">\n\t\t\t\t\t\t\t<p><strong>Soluciones Tecnol\u00f3gicas<\/strong><\/p><p>Tenemos un amplio portafolio de soluciones tecnol\u00f3gicas para apoyar a nuestros clientes en sus proyectos de transformaci\u00f3n digital a nivel de capacidades en nube, hardware, licenciamiento de software en general, soluciones de seguridad, redes el\u00e9ctricas, telecomunicaciones, soluciones de gesti\u00f3n empresarial, herramientas de anal\u00edtica y bigdata.<\/p><p><strong>Distribuimos e implementamos soluciones tecnol\u00f3gicas de los m\u00e1s importantes jugadores del sector.<\/strong><\/p><p><span style=\"color: var( --e-global-color-text ); font-family: var( --e-global-typography-text-font-family ), Sans-serif; font-weight: var( --e-global-typography-text-font-weight );\">MICROSOFT \u2013 APPLE &#8211; GOOGLE \u2013 INFOR &#8211; QLIK \u2013 CAMBIUM NETWORKS \u2013 SOPHOS &#8211;\u00a0<\/span><span style=\"color: var( --e-global-color-text ); font-family: var( --e-global-typography-text-font-family ), Sans-serif; font-weight: var( --e-global-typography-text-font-weight );\">LENOVO \u2013 HP \u2013 DELL<\/span><\/p><p><strong>Colaboramos con un reconocido equipo de aliados tecnol\u00f3gicos expertos en transformaci\u00f3n digital<\/strong><\/p><p>CONTROLES EMPRESARIALES \u2013 ALGAR TECH \u2013 DAVINCI \u2013 ADVISOR CONSULTING GROUP &#8211;\u00a0<span style=\"color: var( --e-global-color-text ); font-family: var( --e-global-typography-text-font-family ), Sans-serif; font-weight: var( --e-global-typography-text-font-weight );\">ISIT &#8211;\u00a0<\/span><span style=\"color: var( --e-global-color-text ); font-family: var( --e-global-typography-text-font-family ), Sans-serif; font-weight: var( --e-global-typography-text-font-weight );\">HORBATH TECHNOLOGIES \u2013 CERCA TECHNOLOGIES \u2013 BEXTECHNOLOGY \u2013 TORKES &#8211; EASYNET &#8211;\u00a0<\/span><span style=\"color: var( --e-global-color-text ); font-family: var( --e-global-typography-text-font-family ), Sans-serif; font-weight: var( --e-global-typography-text-font-weight );\">MPS \u2013 NEXSYS \u2013 INGRAM MICRO \u2013 LICENCIAS ONLINE<\/span><\/p>\t\t\t\t\t\t<\/div>\n\t\t\t\t<\/div>\n\t\t\t\t\t<\/div>\n\t\t<\/div>\n\t\t\t\t\t\t\t<\/div>\n\t\t<\/section>\n\t\t\t\t<section class=\"elementor-section elementor-top-section elementor-element elementor-element-57fbeea elementor-section-stretched elementor-section-boxed elementor-section-height-default elementor-section-height-default\" data-id=\"57fbeea\" data-element_type=\"section\" data-settings=\"{&quot;stretch_section&quot;:&quot;section-stretched&quot;}\">\n\t\t\t\t\t\t<div class=\"elementor-container elementor-column-gap-default\">\n\t\t\t\t\t<div class=\"elementor-column elementor-col-50 elementor-top-column elementor-element elementor-element-79888cb\" data-id=\"79888cb\" data-element_type=\"column\">\n\t\t\t<div class=\"elementor-widget-wrap elementor-element-populated\">\n\t\t\t\t\t\t\t\t<div class=\"elementor-element elementor-element-33123a1 elementor-widget elementor-widget-text-editor\" data-id=\"33123a1\" data-element_type=\"widget\" data-widget_type=\"text-editor.default\">\n\t\t\t\t<div class=\"elementor-widget-container\">\n\t\t\t\t\t\t\t<ul><li><strong style=\"color: var( --e-global-color-text ); font-family: var( --e-global-typography-text-font-family ), Sans-serif;\">Desarrollo de software<\/strong><\/li><\/ul><p><span style=\"color: var( --e-global-color-text ); font-family: var( --e-global-typography-text-font-family ), Sans-serif; font-weight: var( --e-global-typography-text-font-weight );\">Cuando tu empresa tiene la necesidad de una soluci\u00f3n de software y no existe en el mercado un producto comercial que se ajuste a ella, nosotros creamos soluciones de software a la medida. Hacemos desarrollo e implementaci\u00f3n de software como aplicaciones corporativas, aplicaciones web, Apps para iOS y Android, dise\u00f1o y desarrollo web, desarrollo de Web Services, API, integraciones, conexiones con bases de datos entre otros, bajo metodolog\u00edas \u00e1giles y m\u00faltiples lenguajes de programaci\u00f3n.<\/span><\/p><p>\u00a0<\/p><p>Somos especialistas en desarrollar la estrategia digital de las organizaciones y expertos en crear eCommerce y tiendas virtuales. Entregamos tiendas en l\u00ednea totalmente funcionales e integradas con diferentes operadores log\u00edsticos, pasarelas y medios de pagos, redes sociales incluyendo t\u00e9cnicas y herramientas para marketing digital.<\/p>\t\t\t\t\t\t<\/div>\n\t\t\t\t<\/div>\n\t\t\t\t\t<\/div>\n\t\t<\/div>\n\t\t\t\t<div class=\"elementor-column elementor-col-50 elementor-top-column elementor-element elementor-element-2481b01\" data-id=\"2481b01\" data-element_type=\"column\">\n\t\t\t<div class=\"elementor-widget-wrap elementor-element-populated\">\n\t\t\t\t\t\t\t\t<div class=\"elementor-element elementor-element-7572a59 elementor-widget elementor-widget-image\" data-id=\"7572a59\" data-element_type=\"widget\" data-widget_type=\"image.default\">\n\t\t\t\t<div class=\"elementor-widget-container\">\n\t\t\t\t\t\t\t\t\t\t\t\t\t\t\t<img width=\"640\" height=\"360\" src=\"https:\/\/onze.com.co\/wp-content\/uploads\/2022\/02\/team-of-programmers-talking-about-algorithm-running-on-laptop-screen-pointing-at-source-code-while-sitting-at-desk-software-developers-collaborating-on-data-coding-group-project-1024x576.jpg\" class=\"attachment-large size-large\" alt=\"\" loading=\"lazy\" srcset=\"https:\/\/onze.com.co\/wp-content\/uploads\/2022\/02\/team-of-programmers-talking-about-algorithm-running-on-laptop-screen-pointing-at-source-code-while-sitting-at-desk-software-developers-collaborating-on-data-coding-group-project-1024x576.jpg 1024w, https:\/\/onze.com.co\/wp-content\/uploads\/2022\/02\/team-of-programmers-talking-about-algorithm-running-on-laptop-screen-pointing-at-source-code-while-sitting-at-desk-software-developers-collaborating-on-data-coding-group-project-300x169.jpg 300w, https:\/\/onze.com.co\/wp-content\/uploads\/2022\/02\/team-of-programmers-talking-about-algorithm-running-on-laptop-screen-pointing-at-source-code-while-sitting-at-desk-software-developers-collaborating-on-data-coding-group-project-768x432.jpg 768w, https:\/\/onze.com.co\/wp-content\/uploads\/2022\/02\/team-of-programmers-talking-about-algorithm-running-on-laptop-screen-pointing-at-source-code-while-sitting-at-desk-software-developers-collaborating-on-data-coding-group-project-1536x864.jpg 1536w, https:\/\/onze.com.co\/wp-content\/uploads\/2022\/02\/team-of-programmers-talking-about-algorithm-running-on-laptop-screen-pointing-at-source-code-while-sitting-at-desk-software-developers-collaborating-on-data-coding-group-project-2048x1152.jpg 2048w\" sizes=\"(max-width: 640px) 100vw, 640px\" \/>\t\t\t\t\t\t\t\t\t\t\t\t\t\t\t<\/div>\n\t\t\t\t<\/div>\n\t\t\t\t\t<\/div>\n\t\t<\/div>\n\t\t\t\t\t\t\t<\/div>\n\t\t<\/section>\n\t\t\t\t<section class=\"elementor-section elementor-top-section elementor-element elementor-element-dd317fc elementor-section-stretched elementor-section-boxed elementor-section-height-default elementor-section-height-default\" data-id=\"dd317fc\" data-element_type=\"section\" data-settings=\"{&quot;stretch_section&quot;:&quot;section-stretched&quot;}\">\n\t\t\t\t\t\t<div class=\"elementor-container elementor-column-gap-default\">\n\t\t\t\t\t<div class=\"elementor-column elementor-col-50 elementor-top-column elementor-element elementor-element-b8f7799\" data-id=\"b8f7799\" data-element_type=\"column\">\n\t\t\t<div class=\"elementor-widget-wrap elementor-element-populated\">\n\t\t\t\t\t\t\t\t<div class=\"elementor-element elementor-element-5b1cb41 elementor-widget elementor-widget-image\" data-id=\"5b1cb41\" data-element_type=\"widget\" data-widget_type=\"image.default\">\n\t\t\t\t<div class=\"elementor-widget-container\">\n\t\t\t\t\t\t\t\t\t\t\t\t\t\t\t<img width=\"640\" height=\"368\" src=\"https:\/\/onze.com.co\/wp-content\/uploads\/2022\/02\/digital-blue-hud-interface-laptop-concept-1024x589.jpg\" class=\"attachment-large size-large\" alt=\"\" loading=\"lazy\" srcset=\"https:\/\/onze.com.co\/wp-content\/uploads\/2022\/02\/digital-blue-hud-interface-laptop-concept-1024x589.jpg 1024w, https:\/\/onze.com.co\/wp-content\/uploads\/2022\/02\/digital-blue-hud-interface-laptop-concept-300x172.jpg 300w, https:\/\/onze.com.co\/wp-content\/uploads\/2022\/02\/digital-blue-hud-interface-laptop-concept-768x441.jpg 768w, https:\/\/onze.com.co\/wp-content\/uploads\/2022\/02\/digital-blue-hud-interface-laptop-concept-1536x883.jpg 1536w, https:\/\/onze.com.co\/wp-content\/uploads\/2022\/02\/digital-blue-hud-interface-laptop-concept-2048x1177.jpg 2048w\" sizes=\"(max-width: 640px) 100vw, 640px\" \/>\t\t\t\t\t\t\t\t\t\t\t\t\t\t\t<\/div>\n\t\t\t\t<\/div>\n\t\t\t\t\t<\/div>\n\t\t<\/div>\n\t\t\t\t<div class=\"elementor-column elementor-col-50 elementor-top-column elementor-element elementor-element-130720e\" data-id=\"130720e\" data-element_type=\"column\">\n\t\t\t<div class=\"elementor-widget-wrap elementor-element-populated\">\n\t\t\t\t\t\t\t\t<div class=\"elementor-element elementor-element-812a7c3 elementor-widget elementor-widget-text-editor\" data-id=\"812a7c3\" data-element_type=\"widget\" data-widget_type=\"text-editor.default\">\n\t\t\t\t<div class=\"elementor-widget-container\">\n\t\t\t\t\t\t\t<p><strong>Staffing de TI<\/strong><strong>\u00a0<\/strong><\/p><p>En un mundo competitivo y globalizado el Staffing de TI ha sido pieza fundamental para el cumplimiento de los objetivos estrat\u00e9gicos de las organizaciones. A trav\u00e9s de este modelo de reclutamiento especializado TI ofrecemos subcontrataci\u00f3n TI y habilitamos para nuestros clientes el acceso a especialistas de alto nivel para la ejecuci\u00f3n de tareas espec\u00edficas en TI con los perfiles digitales requeridos para responder muy r\u00e1pido a sus necesidades en la operaci\u00f3n TI y en los proyectos TI, permitiendo niveles de competitividad id\u00f3neos para afrontar los desaf\u00edos de su sector.<\/p><p>\u00a0<\/p><p>Nuestro conocimiento del mercado y de las nuevas competencias digitales, as\u00ed como el cumplimiento en todas las regulaciones laborales, legales y fiscales nos permite una correcta gesti\u00f3n de todo el proceso de contrataci\u00f3n externa de las personas adecuadas, garantizando un proceso de Staffing TI 100% auditable y con las mejores condiciones para entregar un servicio enfocado y de alto desempe\u00f1o.<\/p>\t\t\t\t\t\t<\/div>\n\t\t\t\t<\/div>\n\t\t\t\t\t<\/div>\n\t\t<\/div>\n\t\t\t\t\t\t\t<\/div>\n\t\t<\/section>\n\t\t\t\t<section class=\"elementor-section elementor-top-section elementor-element elementor-element-a63bb59 elementor-section-stretched elementor-section-boxed elementor-section-height-default elementor-section-height-default\" data-id=\"a63bb59\" data-element_type=\"section\" data-settings=\"{&quot;stretch_section&quot;:&quot;section-stretched&quot;}\">\n\t\t\t\t\t\t<div class=\"elementor-container elementor-column-gap-default\">\n\t\t\t\t\t<div class=\"elementor-column elementor-col-50 elementor-top-column elementor-element elementor-element-9a72f8f\" data-id=\"9a72f8f\" data-element_type=\"column\">\n\t\t\t<div class=\"elementor-widget-wrap elementor-element-populated\">\n\t\t\t\t\t\t\t\t<div class=\"elementor-element elementor-element-9de23ac elementor-widget elementor-widget-text-editor\" data-id=\"9de23ac\" data-element_type=\"widget\" data-widget_type=\"text-editor.default\">\n\t\t\t\t<div class=\"elementor-widget-container\">\n\t\t\t\t\t\t\t<h3><strong>Servicio t\u00e9cnico certificado Apple<\/strong><\/h3><p>\u00a0<\/p><p><strong>Cinco pilares sostienen nuestra oferta de valor.<\/strong><\/p><p><strong>Proteger su inversi\u00f3n: <\/strong>los equipos y dispositivos Apple son de alta calidad y durabilidad, pero nos son baratos y como todo componente electr\u00f3nico tiene partes que requieren de un adecuado tratamiento para aumentar su vida \u00fatil y con las adecuadas rutinas de cuidado y mantenimiento que hacemos lo podemos garantizar.<\/p><p><strong>Confianza: <\/strong>construimos una relaci\u00f3n de confianza con nuestros clientes cuidando cada detalle de nuestra alianza y haciendo honor a nuestros valores organizacionales de honestidad, transparencia, calidad y empat\u00eda.<\/p><p><strong>En las mejores manos: <\/strong>ofrecemos servicio calificado con nuestro personal t\u00e9cnico certificado, que cuenta con alta formaci\u00f3n oficial Apple, s\u00f3lidos conocimientos y amplia experiencia en toda la gama de dispositivos de la marca Apple, tanto en hardware como software. Nuestro personal tiene experiencia de m\u00e1s de 7 a\u00f1os en centro autorizado Apple como Mac Center y iShop.<\/p><p><strong>Responsabilidad y Transparencia: <\/strong>todos nuestros procesos siguen estrictos protocolos y cada diagn\u00f3stico se realiza cuidadosa y acertadamente para siempre entregar la mejor soluci\u00f3n a satisfacci\u00f3n de nuestros clientes, bien sea cuando los componentes se pueden reparar o que necesariamente requieren reemplazo.<\/p><p><strong>* Laboratorio: <\/strong>disponemos de un laboratorio de alta tecnolog\u00eda con todos los componentes entre equipos, herramientas y software para el diagn\u00f3stico avanzado Apple y la soluci\u00f3n a cada incidente que se pueda presentar con los equipos Apple de nuestros clientes.<\/p>\t\t\t\t\t\t<\/div>\n\t\t\t\t<\/div>\n\t\t\t\t\t<\/div>\n\t\t<\/div>\n\t\t\t\t<div class=\"elementor-column elementor-col-50 elementor-top-column elementor-element elementor-element-f215759\" data-id=\"f215759\" data-element_type=\"column\">\n\t\t\t<div class=\"elementor-widget-wrap elementor-element-populated\">\n\t\t\t\t\t\t\t\t<div class=\"elementor-element elementor-element-a2151e2 elementor-widget elementor-widget-image\" data-id=\"a2151e2\" data-element_type=\"widget\" data-widget_type=\"image.default\">\n\t\t\t\t<div class=\"elementor-widget-container\">\n\t\t\t\t\t\t\t\t\t\t\t\t\t\t\t<img width=\"640\" height=\"427\" src=\"https:\/\/onze.com.co\/wp-content\/uploads\/2022\/02\/checking-current-in-laptop-circuit-board-1024x683.jpg\" class=\"attachment-large size-large\" alt=\"\" loading=\"lazy\" srcset=\"https:\/\/onze.com.co\/wp-content\/uploads\/2022\/02\/checking-current-in-laptop-circuit-board-1024x683.jpg 1024w, https:\/\/onze.com.co\/wp-content\/uploads\/2022\/02\/checking-current-in-laptop-circuit-board-300x200.jpg 300w, https:\/\/onze.com.co\/wp-content\/uploads\/2022\/02\/checking-current-in-laptop-circuit-board-768x512.jpg 768w, https:\/\/onze.com.co\/wp-content\/uploads\/2022\/02\/checking-current-in-laptop-circuit-board-1536x1024.jpg 1536w, https:\/\/onze.com.co\/wp-content\/uploads\/2022\/02\/checking-current-in-laptop-circuit-board-2048x1365.jpg 2048w\" sizes=\"(max-width: 640px) 100vw, 640px\" \/>\t\t\t\t\t\t\t\t\t\t\t\t\t\t\t<\/div>\n\t\t\t\t<\/div>\n\t\t\t\t<div class=\"elementor-element elementor-element-91bffec elementor-widget elementor-widget-text-editor\" data-id=\"91bffec\" data-element_type=\"widget\" data-widget_type=\"text-editor.default\">\n\t\t\t\t<div class=\"elementor-widget-container\">\n\t\t\t\t\t\t\t<p><strong>Servicios Apple <\/strong><strong>complementarios <\/strong><\/p><p><strong>Recuperaci\u00f3n de informaci\u00f3n:<\/strong> habilitamos un servicio para recuperar los datos vitales de tu informaci\u00f3n y completamente basado en la nube.<\/p><p><strong>Stock de partes:<\/strong> contamos con stock de consumibles y partes de mayor rotaci\u00f3n en los diferentes equipos Apple y modelos de la marca para entregar un servicio oportuno y atender con mayor rapidez las necesidades de nuestros clientes.<\/p><p><strong>M\u00e1quinas de Recambio:<\/strong> ofrecemos la posibilidad de suministrar un equipo Apple de recambio de similares caracter\u00edsticas para asegurar continuidad de trabajo, mientras se repara y habilita su m\u00e1quina original nuevamente en la operaci\u00f3n.<\/p><p><strong>Recogida y entrega en sitio:<\/strong> complementamos nuestra oferta de valor con el traslado de equipos desde las sedes de nuestros clientes hasta el laboratorio y viceversa con todas las medidas de seguridad del caso y evitar que terceros o personas del cliente hagan el desplazamiento.<\/p>\t\t\t\t\t\t<\/div>\n\t\t\t\t<\/div>\n\t\t\t\t\t<\/div>\n\t\t<\/div>\n\t\t\t\t\t\t\t<\/div>\n\t\t<\/section>\n\t\t\t\t\t\t\t<\/div>\n\t\t","protected":false},"excerpt":{"rendered":"<p>Consultor\u00edas en transformaci\u00f3n digital y gesti\u00f3n del cambio \u00a0 Consultor\u00eda en transformaci\u00f3n digital El impacto de las tecnolog\u00edas habilitadoras de la transformaci\u00f3n digital de las empresas no ha hecho m\u00e1s que comenzar y dar\u00e1 lugar a un antes y un despu\u00e9s. La transformaci\u00f3n digital en todas las empresas se dar\u00e1 en todos los sectores y [&hellip;]<\/p>\n","protected":false},"author":1,"featured_media":0,"parent":0,"menu_order":0,"comment_status":"closed","ping_status":"closed","template":"","meta":{"om_disable_all_campaigns":false,"_mi_skip_tracking":false},"_links":{"self":[{"href":"https:\/\/onze.com.co\/index.php\/wp-json\/wp\/v2\/pages\/25"}],"collection":[{"href":"https:\/\/onze.com.co\/index.php\/wp-json\/wp\/v2\/pages"}],"about":[{"href":"https:\/\/onze.com.co\/index.php\/wp-json\/wp\/v2\/types\/page"}],"author":[{"embeddable":true,"href":"https:\/\/onze.com.co\/index.php\/wp-json\/wp\/v2\/users\/1"}],"replies":[{"embeddable":true,"href":"https:\/\/onze.com.co\/index.php\/wp-json\/wp\/v2\/comments?post=25"}],"version-history":[{"count":34,"href":"https:\/\/onze.com.co\/index.php\/wp-json\/wp\/v2\/pages\/25\/revisions"}],"predecessor-version":[{"id":154,"href":"https:\/\/onze.com.co\/index.php\/wp-json\/wp\/v2\/pages\/25\/revisions\/154"}],"wp:attachment":[{"href":"https:\/\/onze.com.co\/index.php\/wp-json\/wp\/v2\/media?parent=25"}],"curies":[{"name":"wp","href":"https:\/\/api.w.org\/{rel}","templated":true}]}}